{"id":363,"date":"2019-01-23T12:42:28","date_gmt":"2019-01-23T11:42:28","guid":{"rendered":"http:\/\/www.valoraingredients.com\/politica-de-privacidad\/"},"modified":"2025-11-28T13:40:56","modified_gmt":"2025-11-28T12:40:56","slug":"politica-de-privacidad","status":"publish","type":"page","link":"https:\/\/www.valoraingredients.com\/es\/politica-de-privacidad\/","title":{"rendered":"Pol\u00edtica de privacidad"},"content":{"rendered":"<p>[et_pb_section fb_built=\u00bb1&#8243; _builder_version=\u00bb3.0.47&#8243; custom_padding=\u00bb102px|0px|102px|0px|true|false\u00bb][et_pb_row _builder_version=\u00bb3.0.48&#8243; background_size=\u00bbinitial\u00bb background_position=\u00bbtop_left\u00bb background_repeat=\u00bbrepeat\u00bb][et_pb_column type=\u00bb4_4&#8243; _builder_version=\u00bb3.0.47&#8243;][et_pb_text _builder_version=\u00bb3.19.6&#8243;]<\/p>\n<h1><strong>POL\u00cdTICA DE PRIVACIDAD<\/strong><\/h1>\n<p><\/p>\n<p><strong><\/strong><\/p>\n<p><\/p>\n<p><strong><\/strong><\/p>\n<p><\/p>\n<p><strong><\/strong><\/p>\n<p><\/p>\n<h4><strong>1. Responsable del Tratamiento<\/strong><\/h4>\n<p><\/p>\n<p>El Responsable del Tratamiento se corresponde con el del titular del sitio web, cuyos datos completos son: Valora Marine Ingredients, con CIF B 15 717 663 y domicilio fiscal en Bodi\u00f3n, s\/n 15930 Boiro (A Coru\u00f1a). \u00a0<\/p>\n<p><\/p>\n<p>&nbsp;<\/p>\n<p><\/p>\n<h4><strong>2. Datos tratados, finalidades y plazo de conservaci\u00f3n<\/strong><\/h4>\n<p><\/p>\n<p><strong>2.1 Datos tratados:<\/strong> A los efectos de la solicitud de informaci\u00f3n o de contacto con el Titular, se deber\u00e1n facilitar unos datos a trav\u00e9s de la cumplimentaci\u00f3n de los formularios dispuestos, en los que se indicar\u00e1n cu\u00e1les de ellos tienen el car\u00e1cter de obligatorio.<\/p>\n<p><\/p>\n<p>Durante la navegaci\u00f3n, podr\u00e1n facilitarse datos como la direcci\u00f3n IP asignada por su proveedor o determinados perfiles sociales asociados al usuario.<\/p>\n<p><\/p>\n<p><strong>2.2 Finalidades: <\/strong><\/p>\n<p><\/p>\n<p>1. Contacto: La finalidad del tratamiento del correo electr\u00f3nico o el tel\u00e9fono facilitado para el contacto, ser\u00e1n utilizados para una efectiva contestaci\u00f3n a las cuestiones planteadas. <br \/> 2. Remisi\u00f3n de curr\u00edculos: El env\u00edo de los datos curriculares ser\u00e1n utilizados para su utilizaci\u00f3n en procesos de selecci\u00f3n, presentes y futuros, si bien el Titular se reserva el derecho a eliminar directamente la informaci\u00f3n facilitada.<\/p>\n<p><\/p>\n<p><strong> 2.3 Conservaci\u00f3n: <\/strong><\/p>\n<p><\/p>\n<p>1. Contacto: Los datos ser\u00e1n tratados para gestionar la contestaci\u00f3n o la solicitud de informaci\u00f3n, procedi\u00e9ndose a su eliminaci\u00f3n una vez realizado. <br \/> 2. Remisi\u00f3n de curr\u00edculos: El env\u00edo de los datos curriculares ser\u00e1n utilizados para su utilizaci\u00f3n en procesos de selecci\u00f3n, presentes y futuros, si bien el Titular se reserva el derecho a eliminar directamente la informaci\u00f3n facilitada.<\/p>\n<p><\/p>\n<p>&nbsp;<\/p>\n<p><\/p>\n<h4><strong>3. Legitimaci\u00f3n del tratamiento<\/strong><\/h4>\n<p><\/p>\n<p>La base legal para el tratamiento de los datos facilitados es el consentimiento otorgado por el usuario para el tratamiento de sus datos personales para o uno o varios fines espec\u00edficos.  El consentimiento ser\u00e1 siempre revocable y podr\u00e1 retirarse en cualquier momento.<\/p>\n<p><\/p>\n<p>&nbsp;<\/p>\n<p><\/p>\n<h4><strong>4. Ejercicio de derechos<\/strong><\/h4>\n<p><\/p>\n<p>Cualquier persona tiene derecho a obtener confirmaci\u00f3n acerca de si se est\u00e1 procediendo al tratamiento de datos personales que les conciernan, o no. Las personas interesadas tienen derecho a si acceder a sus datos personales, as\u00ed como a solicitar la rectificaci\u00f3n de los datos inexactos o, en su caso, solicitar su supresi\u00f3n cuando, entre otros motivos, los datos ya no sean necesarios para los fines que fueron recogidos.<\/p>\n<p><\/p>\n<p>En determinadas circunstancias, los interesados podr\u00e1n solicitar la limitaci\u00f3n del tratamiento de sus datos u oponerse al tratamiento de los mismos, en cuyo caso \u00fanicamente los conservaremos para el ejercicio o la defensa de reclamaciones.<\/p>\n<p><\/p>\n<p>Para ello, los usuarios podr\u00e1n dirigir una comunicaci\u00f3n por escrito a Comit\u00e9 de Privacidad, Bodi\u00f3n, s\/n 15930 Boiro (A Coru\u00f1a), o a la direcci\u00f3n de correo electr\u00f3nico comite.privacidad@jealsa.com.<\/p>\n<p><\/p>\n<p>En caso de que desee ejercer el derecho de portabilidad, se facilitar\u00e1 esos datos al nuevo Responsable.<\/p>\n<p><\/p>\n<p>En caso de no ver satisfechos sus derechos, el usuario presentar una reclamaci\u00f3n ante la Agencia Espa\u00f1ola de Protecci\u00f3n de Datos, accesible a trav\u00e9s del enlace https:\/\/sedeagpd.gob.es.<\/p>\n<p><\/p>\n<p>&nbsp;<\/p>\n<p><\/p>\n<h4><strong>5. Destinatarios de los datos<\/strong><\/h4>\n<p><\/p>\n<p>Los datos no ser\u00e1n objeto de cesi\u00f3n a terceros, salvo en caso de que exista una obligaci\u00f3n legal. El Responsable del Tratamiento podr\u00e1 apoyarse en proveedores que ofrezcan garant\u00edas adecuadas y con los que se habr\u00e1 firmado un acuerdo de Encargado de Tratamiento para desarrollar los tratamientos previstos en la presente Pol\u00edtica de privacidad.<\/p>\n<p><\/p>\n<p>&nbsp;<\/p>\n<p><\/p>\n<h4><strong>6. Transferencias internacionales<\/strong><\/h4>\n<p><\/p>\n<p>No se prev\u00e9n Transferencias Internacionales.<\/p>\n<p>[\/et_pb_text][\/et_pb_column][\/et_pb_row][\/et_pb_section]<\/p>\n","protected":false},"excerpt":{"rendered":"<p>POL\u00cdTICA DE PRIVACIDAD1. Responsable del TratamientoEl Responsable del Tratamiento se corresponde con el del titular del sitio web, cuyos datos completos son: Valora Marine Ingredients, con CIF B 15 717 663 y domicilio fiscal en Bodi\u00f3n, s\/n 15930 Boiro (A Coru\u00f1a). \u00a0&nbsp;2. Datos tratados, finalidades y plazo de conservaci\u00f3n2.1 Datos tratados: A los efectos de [&hellip;]<\/p>\n","protected":false},"author":1,"featured_media":0,"parent":0,"menu_order":0,"comment_status":"closed","ping_status":"closed","template":"","meta":{"_et_pb_use_builder":"on","_et_pb_old_content":"","_et_gb_content_width":"","footnotes":""},"class_list":["post-363","page","type-page","status-publish","hentry"],"yoast_head":"<!-- This site is optimized with the Yoast SEO plugin v24.4 - https:\/\/yoast.com\/wordpress\/plugins\/seo\/ -->\n<title>Pol\u00edtica de privacidad - Valora Marine Ingredients<\/title>\n<meta name=\"robots\" content=\"noindex, nofollow\" \/>\n<meta property=\"og:locale\" content=\"es_ES\" \/>\n<meta property=\"og:type\" content=\"article\" \/>\n<meta property=\"og:title\" content=\"Pol\u00edtica de privacidad - Valora Marine Ingredients\" \/>\n<meta property=\"og:description\" content=\"POL\u00cdTICA DE PRIVACIDAD1. Responsable del TratamientoEl Responsable del Tratamiento se corresponde con el del titular del sitio web, cuyos datos completos son: Valora Marine Ingredients, con CIF B 15 717 663 y domicilio fiscal en Bodi\u00f3n, s\/n 15930 Boiro (A Coru\u00f1a). \u00a0&nbsp;2. Datos tratados, finalidades y plazo de conservaci\u00f3n2.1 Datos tratados: A los efectos de [&hellip;]\" \/>\n<meta property=\"og:url\" content=\"https:\/\/www.valoraingredients.com\/privacy-and-data-protection\/\" \/>\n<meta property=\"og:site_name\" content=\"Valora Marine Ingredients\" \/>\n<meta property=\"article:modified_time\" content=\"2025-11-28T12:40:56+00:00\" \/>\n<meta name=\"twitter:card\" content=\"summary_large_image\" \/>\n<meta name=\"twitter:label1\" content=\"Tiempo de lectura\" \/>\n\t<meta name=\"twitter:data1\" content=\"3 minutos\" \/>\n<script type=\"application\/ld+json\" class=\"yoast-schema-graph\">{\"@context\":\"https:\/\/schema.org\",\"@graph\":[{\"@type\":\"WebPage\",\"@id\":\"https:\/\/www.valoraingredients.com\/privacy-and-data-protection\/\",\"url\":\"https:\/\/www.valoraingredients.com\/privacy-and-data-protection\/\",\"name\":\"Pol\u00edtica de privacidad - Valora Marine Ingredients\",\"isPartOf\":{\"@id\":\"https:\/\/www.valoraingredients.com\/es\/#website\"},\"datePublished\":\"2019-01-23T11:42:28+00:00\",\"dateModified\":\"2025-11-28T12:40:56+00:00\",\"breadcrumb\":{\"@id\":\"https:\/\/www.valoraingredients.com\/privacy-and-data-protection\/#breadcrumb\"},\"inLanguage\":\"es\",\"potentialAction\":[{\"@type\":\"ReadAction\",\"target\":[\"https:\/\/www.valoraingredients.com\/privacy-and-data-protection\/\"]}]},{\"@type\":\"BreadcrumbList\",\"@id\":\"https:\/\/www.valoraingredients.com\/privacy-and-data-protection\/#breadcrumb\",\"itemListElement\":[{\"@type\":\"ListItem\",\"position\":1,\"name\":\"Home\",\"item\":\"https:\/\/www.valoraingredients.com\/es\/\"},{\"@type\":\"ListItem\",\"position\":2,\"name\":\"Pol\u00edtica de privacidad\"}]},{\"@type\":\"WebSite\",\"@id\":\"https:\/\/www.valoraingredients.com\/es\/#website\",\"url\":\"https:\/\/www.valoraingredients.com\/es\/\",\"name\":\"Valora Marine Ingredients\",\"description\":\"Inspired by the sea and its resources\",\"potentialAction\":[{\"@type\":\"SearchAction\",\"target\":{\"@type\":\"EntryPoint\",\"urlTemplate\":\"https:\/\/www.valoraingredients.com\/es\/?s={search_term_string}\"},\"query-input\":{\"@type\":\"PropertyValueSpecification\",\"valueRequired\":true,\"valueName\":\"search_term_string\"}}],\"inLanguage\":\"es\"}]}<\/script>\n<!-- \/ Yoast SEO plugin. -->","yoast_head_json":{"title":"Pol\u00edtica de privacidad - Valora Marine Ingredients","robots":{"index":"noindex","follow":"nofollow"},"og_locale":"es_ES","og_type":"article","og_title":"Pol\u00edtica de privacidad - Valora Marine Ingredients","og_description":"POL\u00cdTICA DE PRIVACIDAD1. Responsable del TratamientoEl Responsable del Tratamiento se corresponde con el del titular del sitio web, cuyos datos completos son: Valora Marine Ingredients, con CIF B 15 717 663 y domicilio fiscal en Bodi\u00f3n, s\/n 15930 Boiro (A Coru\u00f1a). \u00a0&nbsp;2. Datos tratados, finalidades y plazo de conservaci\u00f3n2.1 Datos tratados: A los efectos de [&hellip;]","og_url":"https:\/\/www.valoraingredients.com\/privacy-and-data-protection\/","og_site_name":"Valora Marine Ingredients","article_modified_time":"2025-11-28T12:40:56+00:00","twitter_card":"summary_large_image","twitter_misc":{"Tiempo de lectura":"3 minutos"},"schema":{"@context":"https:\/\/schema.org","@graph":[{"@type":"WebPage","@id":"https:\/\/www.valoraingredients.com\/privacy-and-data-protection\/","url":"https:\/\/www.valoraingredients.com\/privacy-and-data-protection\/","name":"Pol\u00edtica de privacidad - Valora Marine Ingredients","isPartOf":{"@id":"https:\/\/www.valoraingredients.com\/es\/#website"},"datePublished":"2019-01-23T11:42:28+00:00","dateModified":"2025-11-28T12:40:56+00:00","breadcrumb":{"@id":"https:\/\/www.valoraingredients.com\/privacy-and-data-protection\/#breadcrumb"},"inLanguage":"es","potentialAction":[{"@type":"ReadAction","target":["https:\/\/www.valoraingredients.com\/privacy-and-data-protection\/"]}]},{"@type":"BreadcrumbList","@id":"https:\/\/www.valoraingredients.com\/privacy-and-data-protection\/#breadcrumb","itemListElement":[{"@type":"ListItem","position":1,"name":"Home","item":"https:\/\/www.valoraingredients.com\/es\/"},{"@type":"ListItem","position":2,"name":"Pol\u00edtica de privacidad"}]},{"@type":"WebSite","@id":"https:\/\/www.valoraingredients.com\/es\/#website","url":"https:\/\/www.valoraingredients.com\/es\/","name":"Valora Marine Ingredients","description":"Inspired by the sea and its resources","potentialAction":[{"@type":"SearchAction","target":{"@type":"EntryPoint","urlTemplate":"https:\/\/www.valoraingredients.com\/es\/?s={search_term_string}"},"query-input":{"@type":"PropertyValueSpecification","valueRequired":true,"valueName":"search_term_string"}}],"inLanguage":"es"}]}},"_links":{"self":[{"href":"https:\/\/www.valoraingredients.com\/es\/wp-json\/wp\/v2\/pages\/363","targetHints":{"allow":["GET"]}}],"collection":[{"href":"https:\/\/www.valoraingredients.com\/es\/wp-json\/wp\/v2\/pages"}],"about":[{"href":"https:\/\/www.valoraingredients.com\/es\/wp-json\/wp\/v2\/types\/page"}],"author":[{"embeddable":true,"href":"https:\/\/www.valoraingredients.com\/es\/wp-json\/wp\/v2\/users\/1"}],"replies":[{"embeddable":true,"href":"https:\/\/www.valoraingredients.com\/es\/wp-json\/wp\/v2\/comments?post=363"}],"version-history":[{"count":4,"href":"https:\/\/www.valoraingredients.com\/es\/wp-json\/wp\/v2\/pages\/363\/revisions"}],"predecessor-version":[{"id":718,"href":"https:\/\/www.valoraingredients.com\/es\/wp-json\/wp\/v2\/pages\/363\/revisions\/718"}],"wp:attachment":[{"href":"https:\/\/www.valoraingredients.com\/es\/wp-json\/wp\/v2\/media?parent=363"}],"curies":[{"name":"wp","href":"https:\/\/api.w.org\/{rel}","templated":true}]}}