{"id":385,"date":"2019-01-23T12:59:47","date_gmt":"2019-01-23T11:59:47","guid":{"rendered":"http:\/\/www.valoraingredients.com\/politica-de-cookies-2\/"},"modified":"2023-02-24T14:21:06","modified_gmt":"2023-02-24T13:21:06","slug":"politica-de-cookies-2","status":"publish","type":"page","link":"https:\/\/www.valoraingredients.com\/es\/politica-de-cookies-2\/","title":{"rendered":"Pol\u00edtica de Cookies Web"},"content":{"rendered":"\n[et_pb_section fb_built=\u00bb1&#8243; _builder_version=\u00bb3.22&#8243; custom_padding=\u00bb108px|0px|108px|0px|true|false\u00bb][et_pb_row _builder_version=\u00bb3.25&#8243;][et_pb_column type=\u00bb4_4&#8243; _builder_version=\u00bb3.25&#8243; custom_padding=\u00bb|||\u00bb custom_padding__hover=\u00bb|||\u00bb][et_pb_text _builder_version=\u00bb4.0.6&#8243; hover_enabled=\u00bb0&#8243;]<div class=\"et_pb_module et_pb_text et_pb_text_0 et_pb_bg_layout_light et_pb_text_align_left\">\r\n<div class=\"et_pb_text_inner\"><section class=\"av_textblock_section\">\r\n<h1 id=\"analyticsjs\"><strong>POL\u00cdTICA DE COOKIES<\/strong><\/h1>\r\n<\/section><section class=\"av_textblock_section\">\r\n<div class=\"avia_textblock \">\r\n\r\nUna cookie es un archivo que se descarga en el dispositivo del usuario cuando se accede a ciertos sitios web. Se utiliza para almacenar y recuperar informaci\u00f3n sobre la navegaci\u00f3n realizada en cada computadora.\r\n\r\nEste sitio web utiliza los siguientes tipos de cookies:\r\n\r\n<\/div>\r\n<\/section><\/div>\r\n<\/div>\r\n<div class=\"et_pb_module et_pb_text et_pb_text_1 et_pb_bg_layout_light et_pb_text_align_left\">\r\n<div class=\"et_pb_text_inner\"><section class=\"av_textblock_section\">\r\n<div class=\"avia_textblock \">\r\n\r\n&nbsp;\r\n\r\n<\/div>\r\n<\/section><\/div>\r\n<\/div>\n[\/et_pb_text][et_pb_text _builder_version=\u00bb4.0.6&#8243; hover_enabled=\u00bb0&#8243;]<strong>Cookies de terceros<\/strong>\n[\/et_pb_text][et_pb_tabs _builder_version=\u00bb4.0.6&#8243; hover_enabled=\u00bb0&#8243;][et_pb_tab title=\u00bb_ga Cookie\u00bb _builder_version=\u00bb4.0.6&#8243; hover_enabled=\u00bb0&#8243;]<strong>Nombre:<\/strong> _ga\r\n<strong>Caduca en:<\/strong> 2 a\u00f1os\r\n<strong>Prop\u00f3sito:<\/strong> Se utiliza para generar estad\u00edsticas de usuarios.\r\n<strong>Cookie de terceros:<\/strong> Google Analytics\r\n\r\n<strong>_ga:<\/strong> Cookie de Google Analytics que habilita la funci\u00f3n de control de visitas \u00fanicas. La primera vez que un usuario ingresa al sitio web a trav\u00e9s de un navegador, instalar\u00e1 esta cookie. Cuando este usuario vuelve a ingresar a la web con el mismo navegador, la cookie considera que es el mismo usuario. Solo si el usuario cambia el navegador, se considerar\u00e1 otro usuario. Caduca 2 a\u00f1os despu\u00e9s de la \u00faltima actualizaci\u00f3n.\n[\/et_pb_tab][et_pb_tab title=\u00bb_gid Cookie\u00bb _builder_version=\u00bb4.0.6&#8243; hover_enabled=\u00bb0&#8243;]<strong>Nombre:<\/strong> _gid\r\n<strong>Caduca en:<\/strong> 24 horas\r\n<strong>Prop\u00f3sito:<\/strong> Se utiliza para generar estad\u00edsticas de usuarios.\r\n<strong>Cookie de terceros:<\/strong> Google Analytics\r\n\r\n<strong>_gid:<\/strong> Se utiliza para recopilar informaci\u00f3n sobre c\u00f3mo nuestros visitantes usan estas p\u00e1ginas web. Toda la informaci\u00f3n se recopila de forma an\u00f3nima y puede incluir datos como el navegador que se utiliza, el n\u00famero de visitas a la p\u00e1gina. Esta informaci\u00f3n nos ayuda a mejorar este sitio web y su experiencia al visitarnos.\n[\/et_pb_tab][et_pb_tab title=\u00bb_gat Cookie\u00bb _builder_version=\u00bb4.0.6&#8243; hover_enabled=\u00bb0&#8243;]<strong>Nombre:<\/strong> _gat\r\n<strong>Caduca en:<\/strong> 1 minuto\r\n<strong>Prop\u00f3sito:<\/strong> Se utiliza para limitar el porcentaje de solicitudes.\r\n<strong>Cookie de terceros:<\/strong> Google Analytics\r\n\r\n<strong>_gat:<\/strong> Se utiliza para limitar el porcentaje de solicitudes. Si ha implementado Google Analytics usando Google Tag Manager, esta cookie se llamar\u00e1 _dc_gtm_ &lt;property-id&gt;.\n[\/et_pb_tab][\/et_pb_tabs][et_pb_text _builder_version=\u00bb4.0.6&#8243; hover_enabled=\u00bb0&#8243;]<strong>Cookies propias<\/strong>\n[\/et_pb_text][et_pb_tabs _builder_version=\u00bb4.0.6&#8243; hover_enabled=\u00bb0&#8243;][et_pb_tab title=\u00bb_icl_visitor_lang_js Cookie\u00bb _builder_version=\u00bb4.0.6&#8243; hover_enabled=\u00bb0&#8243;]<strong>Nombre:<\/strong> _icl_visitor_lang_js\r\n<strong>Caduca en:<\/strong> 24 horas\r\n<strong>Prop\u00f3sito:<\/strong> Identificar el idioma del usuario.\r\n\r\n<strong>_icl_visitor_lang_js: <\/strong>Nos permite identificar el idioma del usuario para mostrar la p\u00e1gina web en el idioma correcto\n[\/et_pb_tab][et_pb_tab title=\u00bb_icl_current_language Cookie\u00bb _builder_version=\u00bb4.0.6&#8243; hover_enabled=\u00bb0&#8243;]<strong>Nombre:<\/strong> _icl_current_language\r\n<strong>Caduca en:<\/strong> 24 horas\r\n<strong>Prop\u00f3sito:<\/strong> Identificar el idioma del usuario.\r\n\r\n<strong>_icl_current_language: <\/strong>Nos permite identificar el idioma del usuario para mostrar la p\u00e1gina web en el idioma correcto\n[\/et_pb_tab][et_pb_tab title=\u00bbwpml_browser_redirect_test Cookie\u00bb _builder_version=\u00bb4.0.6&#8243; hover_enabled=\u00bb0&#8243;]<strong>Nombre:<\/strong> wpml_browser_redirect_test\r\n<strong>Caduca en:<\/strong> 24 horas\r\n<strong>Prop\u00f3sito:<\/strong> Identificar el idioma del usuario.\r\n\r\n<strong>wpml_browser_redirect_test: <\/strong>Nos permite identificar el idioma del usuario para mostrar la p\u00e1gina web en el idioma correcto\n[\/et_pb_tab][et_pb_tab title=\u00bbPHPSESSID Cookie\u00bb _builder_version=\u00bb4.0.6&#8243; hover_enabled=\u00bb0&#8243;]<strong>Nombre:<\/strong> PHPSESSID\r\n<strong>Caduca en:<\/strong> Sesi\u00f3n\r\n<strong>Prop\u00f3sito:<\/strong> Permite guardar las variables de sesi\u00f3n.\r\n\r\n<strong>PHPSESSID:<\/strong>El lenguaje de cifrado de PHP utiliza esta cookie para permitir que se guarden las variables de sesi\u00f3n.\n[\/et_pb_tab][et_pb_tab title=\u00bb gdpr%91allowed_cookies%93 Cookie\u00bb _builder_version=\u00bb4.0.6&#8243; hover_enabled=\u00bb0&#8243;]<strong>Nombre: <\/strong>gdpr[allowed_cookies]\r\n<strong>Caduca en:<\/strong>\u00a01 a\u00f1o\r\n<strong>Prop\u00f3sito:<\/strong> Confirmar la pol\u00edtica de privacidad.\r\n\r\n<strong>\u00a0gdpr[allowed_cookies]: <\/strong>Confirma la pol\u00edtica de privacidad.\n[\/et_pb_tab][et_pb_tab title=\u00bbgdpr%91consent_types%93 Cookie\u00bb _builder_version=\u00bb4.0.6&#8243; hover_enabled=\u00bb0&#8243;]<strong>Nombre: <\/strong>gdpr[consent_types]\r\n<strong>Caduca en:<\/strong> 1 a\u00f1o\r\n<strong>Prop\u00f3sito:<\/strong> Confirmar la pol\u00edtica de privacidad.\r\n\r\n<strong>gdpr[consent_types]: Confirma la pol\u00edtica de privacidad.<\/strong>\n[\/et_pb_tab][et_pb_tab title=\u00bbwordpress_test_cookie Cookie\u00bb _builder_version=\u00bb4.0.6&#8243; hover_enabled=\u00bb0&#8243;]<strong>Nombre: <\/strong>wordpress_test_cookie\r\n<strong>Caduca en:<\/strong> Sesi\u00f3n\r\n<strong>Prop\u00f3sito:<\/strong> Comprueba si el navegador tiene habilitadas las cookies.\r\n\r\n<strong>wordpress_test_cookie:<\/strong>Esta cookie se usa para que el administrador de contenido de WordPress verifique si el navegador tiene habilitadas las cookies.\n[\/et_pb_tab][\/et_pb_tabs][et_pb_text _builder_version=\u00bb4.0.6&#8243; hover_enabled=\u00bb0&#8243;]<div class=\"et_pb_module et_pb_text et_pb_text_0 et_pb_bg_layout_light et_pb_text_align_left\">\r\n<div class=\"et_pb_text_inner\"><section class=\"av_textblock_section\"><section class=\"av_textblock_section\">\r\n<div class=\"avia_textblock \">\r\n\r\nPuedes habilitar o deshabilitar las cookies as\u00ed como comprobar sus caracter\u00edsticas desde este bot\u00f3n <button class=\"gdpr-preferences\" type=\"button\">Preferencias de privacidad<\/button>.\r\n\r\nPara fines de informaci\u00f3n, hemos incluido enlaces a la documentaci\u00f3n de los navegadores m\u00e1s utilizados a continuaci\u00f3n.\r\n\r\n<\/div>\r\n<\/section><section class=\"av_textblock_section\">\r\n<div class=\"avia_textblock \">\r\n\r\nInternet Explorer: Click\u00a0<a href=\"http:\/\/windows.microsoft.com\/es-ES\/windows7\/How-to-manage-cookies-in-Internet-Explorer-9\" target=\"_blank\" rel=\"noopener noreferrer\">aqu\u00ed<\/a>\r\n\r\nChrome: Click\u00a0<a href=\"https:\/\/support.google.com\/chrome\/answer\/95647?hl=es\" target=\"_blank\" rel=\"noopener noreferrer\">aqu\u00ed<\/a>\r\n\r\nMozilla Firefox: Click\u00a0<a href=\"http:\/\/support.mozilla.org\/es\/kb\/habilitar-y-deshabilitar-cookies-que-los-sitios-we?e=es&amp;redirectlocale=es&amp;as=s7&amp;s=cookie&amp;r=1&amp;redirectslug=Habilitar+y+deshabilitar+cookies\" target=\"_blank\" rel=\"noopener noreferrer\">aqu\u00ed<\/a>\r\n\r\nApple Safari: Click\u00a0<a href=\"http:\/\/support.apple.com\/kb\/ph5042\" target=\"_blank\" rel=\"noopener noreferrer\">aqu\u00ed<\/a>\r\n\r\n<\/div>\r\n<\/section><\/section><section class=\"av_textblock_section\">\r\n<div class=\"avia_textblock \">\r\n\r\n&nbsp;\r\n\r\n<\/div>\r\n<\/section><\/div>\r\n<\/div>\r\n<div class=\"et_pb_module et_pb_text et_pb_text_1 et_pb_bg_layout_light et_pb_text_align_left\">\r\n<div class=\"et_pb_text_inner\"><section class=\"av_textblock_section\">\r\n<div class=\"avia_textblock \">\r\n\r\n&nbsp;\r\n\r\n<\/div>\r\n<\/section><\/div>\r\n<\/div>\n[\/et_pb_text][\/et_pb_column][\/et_pb_row][\/et_pb_section]\n","protected":false},"excerpt":{"rendered":"<p>POL\u00cdTICA DE COOKIES Una cookie es un archivo que se descarga en el dispositivo del usuario cuando se accede a ciertos sitios web. Se utiliza para almacenar y recuperar informaci\u00f3n sobre la navegaci\u00f3n realizada en cada computadora. Este sitio web utiliza los siguientes tipos de cookies: &nbsp; Cookies de terceros Nombre: _ga Caduca en: 2 [&hellip;]<\/p>\n","protected":false},"author":1,"featured_media":0,"parent":0,"menu_order":0,"comment_status":"closed","ping_status":"closed","template":"","meta":{"_et_pb_use_builder":"on","_et_pb_old_content":"","_et_gb_content_width":"","footnotes":""},"class_list":["post-385","page","type-page","status-publish","hentry"],"yoast_head":"<!-- This site is optimized with the Yoast SEO plugin v24.4 - https:\/\/yoast.com\/wordpress\/plugins\/seo\/ -->\n<title>Pol\u00edtica de Cookies Web - Valora Marine Ingredients<\/title>\n<meta name=\"robots\" content=\"noindex, nofollow\" \/>\n<meta property=\"og:locale\" content=\"es_ES\" \/>\n<meta property=\"og:type\" content=\"article\" \/>\n<meta property=\"og:title\" content=\"Pol\u00edtica de Cookies Web - Valora Marine Ingredients\" \/>\n<meta property=\"og:description\" content=\"POL\u00cdTICA DE COOKIES Una cookie es un archivo que se descarga en el dispositivo del usuario cuando se accede a ciertos sitios web. Se utiliza para almacenar y recuperar informaci\u00f3n sobre la navegaci\u00f3n realizada en cada computadora. Este sitio web utiliza los siguientes tipos de cookies: &nbsp; Cookies de terceros Nombre: _ga Caduca en: 2 [&hellip;]\" \/>\n<meta property=\"og:url\" content=\"https:\/\/www.valoraingredients.com\/web-cookies-policy\/\" \/>\n<meta property=\"og:site_name\" content=\"Valora Marine Ingredients\" \/>\n<meta property=\"article:modified_time\" content=\"2023-02-24T13:21:06+00:00\" \/>\n<meta name=\"twitter:card\" content=\"summary_large_image\" \/>\n<meta name=\"twitter:label1\" content=\"Tiempo de lectura\" \/>\n\t<meta name=\"twitter:data1\" content=\"4 minutos\" \/>\n<script type=\"application\/ld+json\" class=\"yoast-schema-graph\">{\"@context\":\"https:\/\/schema.org\",\"@graph\":[{\"@type\":\"WebPage\",\"@id\":\"https:\/\/www.valoraingredients.com\/web-cookies-policy\/\",\"url\":\"https:\/\/www.valoraingredients.com\/web-cookies-policy\/\",\"name\":\"Pol\u00edtica de Cookies Web - Valora Marine Ingredients\",\"isPartOf\":{\"@id\":\"https:\/\/www.valoraingredients.com\/es\/#website\"},\"datePublished\":\"2019-01-23T11:59:47+00:00\",\"dateModified\":\"2023-02-24T13:21:06+00:00\",\"breadcrumb\":{\"@id\":\"https:\/\/www.valoraingredients.com\/web-cookies-policy\/#breadcrumb\"},\"inLanguage\":\"es\",\"potentialAction\":[{\"@type\":\"ReadAction\",\"target\":[\"https:\/\/www.valoraingredients.com\/web-cookies-policy\/\"]}]},{\"@type\":\"BreadcrumbList\",\"@id\":\"https:\/\/www.valoraingredients.com\/web-cookies-policy\/#breadcrumb\",\"itemListElement\":[{\"@type\":\"ListItem\",\"position\":1,\"name\":\"Home\",\"item\":\"https:\/\/www.valoraingredients.com\/es\/\"},{\"@type\":\"ListItem\",\"position\":2,\"name\":\"Pol\u00edtica de Cookies Web\"}]},{\"@type\":\"WebSite\",\"@id\":\"https:\/\/www.valoraingredients.com\/es\/#website\",\"url\":\"https:\/\/www.valoraingredients.com\/es\/\",\"name\":\"Valora Marine Ingredients\",\"description\":\"Inspired by the sea and its resources\",\"potentialAction\":[{\"@type\":\"SearchAction\",\"target\":{\"@type\":\"EntryPoint\",\"urlTemplate\":\"https:\/\/www.valoraingredients.com\/es\/?s={search_term_string}\"},\"query-input\":{\"@type\":\"PropertyValueSpecification\",\"valueRequired\":true,\"valueName\":\"search_term_string\"}}],\"inLanguage\":\"es\"}]}<\/script>\n<!-- \/ Yoast SEO plugin. -->","yoast_head_json":{"title":"Pol\u00edtica de Cookies Web - Valora Marine Ingredients","robots":{"index":"noindex","follow":"nofollow"},"og_locale":"es_ES","og_type":"article","og_title":"Pol\u00edtica de Cookies Web - Valora Marine Ingredients","og_description":"POL\u00cdTICA DE COOKIES Una cookie es un archivo que se descarga en el dispositivo del usuario cuando se accede a ciertos sitios web. Se utiliza para almacenar y recuperar informaci\u00f3n sobre la navegaci\u00f3n realizada en cada computadora. Este sitio web utiliza los siguientes tipos de cookies: &nbsp; Cookies de terceros Nombre: _ga Caduca en: 2 [&hellip;]","og_url":"https:\/\/www.valoraingredients.com\/web-cookies-policy\/","og_site_name":"Valora Marine Ingredients","article_modified_time":"2023-02-24T13:21:06+00:00","twitter_card":"summary_large_image","twitter_misc":{"Tiempo de lectura":"4 minutos"},"schema":{"@context":"https:\/\/schema.org","@graph":[{"@type":"WebPage","@id":"https:\/\/www.valoraingredients.com\/web-cookies-policy\/","url":"https:\/\/www.valoraingredients.com\/web-cookies-policy\/","name":"Pol\u00edtica de Cookies Web - Valora Marine Ingredients","isPartOf":{"@id":"https:\/\/www.valoraingredients.com\/es\/#website"},"datePublished":"2019-01-23T11:59:47+00:00","dateModified":"2023-02-24T13:21:06+00:00","breadcrumb":{"@id":"https:\/\/www.valoraingredients.com\/web-cookies-policy\/#breadcrumb"},"inLanguage":"es","potentialAction":[{"@type":"ReadAction","target":["https:\/\/www.valoraingredients.com\/web-cookies-policy\/"]}]},{"@type":"BreadcrumbList","@id":"https:\/\/www.valoraingredients.com\/web-cookies-policy\/#breadcrumb","itemListElement":[{"@type":"ListItem","position":1,"name":"Home","item":"https:\/\/www.valoraingredients.com\/es\/"},{"@type":"ListItem","position":2,"name":"Pol\u00edtica de Cookies Web"}]},{"@type":"WebSite","@id":"https:\/\/www.valoraingredients.com\/es\/#website","url":"https:\/\/www.valoraingredients.com\/es\/","name":"Valora Marine Ingredients","description":"Inspired by the sea and its resources","potentialAction":[{"@type":"SearchAction","target":{"@type":"EntryPoint","urlTemplate":"https:\/\/www.valoraingredients.com\/es\/?s={search_term_string}"},"query-input":{"@type":"PropertyValueSpecification","valueRequired":true,"valueName":"search_term_string"}}],"inLanguage":"es"}]}},"_links":{"self":[{"href":"https:\/\/www.valoraingredients.com\/es\/wp-json\/wp\/v2\/pages\/385","targetHints":{"allow":["GET"]}}],"collection":[{"href":"https:\/\/www.valoraingredients.com\/es\/wp-json\/wp\/v2\/pages"}],"about":[{"href":"https:\/\/www.valoraingredients.com\/es\/wp-json\/wp\/v2\/types\/page"}],"author":[{"embeddable":true,"href":"https:\/\/www.valoraingredients.com\/es\/wp-json\/wp\/v2\/users\/1"}],"replies":[{"embeddable":true,"href":"https:\/\/www.valoraingredients.com\/es\/wp-json\/wp\/v2\/comments?post=385"}],"version-history":[{"count":3,"href":"https:\/\/www.valoraingredients.com\/es\/wp-json\/wp\/v2\/pages\/385\/revisions"}],"predecessor-version":[{"id":660,"href":"https:\/\/www.valoraingredients.com\/es\/wp-json\/wp\/v2\/pages\/385\/revisions\/660"}],"wp:attachment":[{"href":"https:\/\/www.valoraingredients.com\/es\/wp-json\/wp\/v2\/media?parent=385"}],"curies":[{"name":"wp","href":"https:\/\/api.w.org\/{rel}","templated":true}]}}