{"id":415,"date":"2019-01-23T13:26:41","date_gmt":"2019-01-23T12:26:41","guid":{"rendered":"http:\/\/www.valoraingredients.com\/informacion-legal\/"},"modified":"2023-02-28T10:26:26","modified_gmt":"2023-02-28T09:26:26","slug":"informacion-legal","status":"publish","type":"page","link":"https:\/\/www.valoraingredients.com\/es\/informacion-legal\/","title":{"rendered":"Informaci\u00f3n legal"},"content":{"rendered":"<p>[et_pb_section fb_built=\u00bb1&#8243; _builder_version=\u00bb4.16&#8243; global_colors_info=\u00bb{}\u00bb][et_pb_row _builder_version=\u00bb4.16&#8243; global_colors_info=\u00bb{}\u00bb][et_pb_column type=\u00bb4_4&#8243; _builder_version=\u00bb4.16&#8243; custom_padding=\u00bb|||\u00bb global_colors_info=\u00bb{}\u00bb custom_padding__hover=\u00bb|||\u00bb][et_pb_text _builder_version=\u00bb4.16&#8243; global_colors_info=\u00bb{}\u00bb]<\/p>\n<h1><strong>Aviso legal<\/strong><\/h1>\n<p>&nbsp;<\/p>\n<p><strong>1. DATOS T\u00c9CNICOS DE LA EMPRESA Y DE CONTACTO<\/strong><\/p>\n<p>\u2022 Raz\u00f3n social: VALORA MARINE INGREDIENTS, S.L.<br \/>\n\u2022 CIF: B 15 717 663<br \/>\n\u2022 Domicilio fiscal: Lg. Bodi\u00f3n, S\/N. 15.930 \u2013 Boiro. La Coru\u00f1a<br \/>\n\u2022 tel\u00e9fono: +34 981 845 400<br \/>\n\u2022 E-mail: <a href=\"mailto:info@valoraingredients.com\">info@valoraingredients.com<\/a><br \/>\n\u2022 VALORA MARINE INGREDIENTS, S.L. Inscrita en el Registro Mercantil de Santiago de Compostela, Tomo 2290 del Archivo, Secci\u00f3n General, Folio 136 Hoja SC-23666, Inscripci\u00f3n 1\u00aa.<\/p>\n<p>&nbsp;<\/p>\n<p><strong>2. DERECHOS DE PROPIEDAD INTELECTUAL<\/strong><\/p>\n<p>Todos los contenidos del sitio web, incluyendo, sin car\u00e1cter limitativo, bases de datos, im\u00e1genes y fotograf\u00edas, dibujos, gr\u00e1ficos y archivos de texto, son propiedad de Valora Marine Ingredients. en adelante \u201cel Titular\u201d o de los proveedores de contenidos, habiendo sido, en este \u00faltimo caso, objeto de licencia o cesi\u00f3n por parte de los mismos, y est\u00e1n protegidos por las normas nacionales o internacionales de propiedad intelectual. La recopilaci\u00f3n, dise\u00f1o, ordenaci\u00f3n y montaje de todo el contenido del sitio web es propiedad exclusiva del Titular y se encuentra protegida por las normas nacionales e internacionales de propiedad industrial e intelectual.<\/p>\n<p>Las marcas, r\u00f3tulos, signos distintivos o logos del sitio web son titularidad del Titular y est\u00e1n debidamente registrados.<\/p>\n<p>Los textos, datos y dibujos gr\u00e1ficos son propiedad del Titular o de las entidades proveedoras de informaci\u00f3n, no pudiendo ser objeto de ulterior modificaci\u00f3n, copia, transformaci\u00f3n, alteraci\u00f3n, reproducci\u00f3n, adaptaci\u00f3n o traducci\u00f3n por parte de terceros, sin la expresa autorizaci\u00f3n por parte del titular de dicho contenido. La puesta a disposici\u00f3n de los textos, datos y dibujos gr\u00e1ficos no implica, en ning\u00fan caso, la cesi\u00f3n de su titularidad o la concesi\u00f3n de un derecho de explotaci\u00f3n, reproducci\u00f3n, difusi\u00f3n, transformaci\u00f3n, distribuci\u00f3n, o transmisi\u00f3n a su favor, distinto del derecho de uso que comporta la utilizaci\u00f3n leg\u00edtima del sitio web.<\/p>\n<p>&nbsp;<\/p>\n<p><strong>3. MANIFESTACIONES<\/strong><\/p>\n<p>El Titular manifiesta que este sitio web dispone de la tecnolog\u00eda adecuada para permitir el acceso y utilizaci\u00f3n del mismo. No obstante, no se responsabiliza por la eventual existencia de virus u otros elementos nocivos, introducidos por cualquier medio o por cualquier tercero, que puedan producir alteraciones en sus sistemas inform\u00e1ticos.<\/p>\n<p>El sitio web podr\u00eda contener inexactitudes, omisiones relevantes, imprecisiones o erratas. El Titular no garantiza, en ning\u00fan caso, la veracidad, exactitud y actualidad de los datos contenidos en su sitio web. El usuario que accede a la web exonera al Titular de cualquier responsabilidad en relaci\u00f3n a la fiabilidad, utilidad o falsas expectativas que este sitio web pudiera producirle.<\/p>\n<p>&nbsp;<\/p>\n<p><strong>4. LIMITACI\u00d3N DE RESPONSABILIDAD<\/strong><\/p>\n<p>El Titular no ofrece garant\u00edas de ninguna clase en cuanto al funcionamiento del sitio web o a la informaci\u00f3n contenida en el mismo. El Titular no ser\u00e1 responsable de los da\u00f1os o perjuicios, de cualquier \u00edndole, que puedan derivarse del uso del sitio web.<\/p>\n<p>El Titular excluye toda responsabilidad por la licitud, contenido y calidad de los datos e informaciones ofrecidas por terceras entidades a trav\u00e9s del sitio web.<\/p>\n<p>&nbsp;<\/p>\n<p><strong>5. ENLACES HIPERV\u00cdNCULOS<\/strong><\/p>\n<p>Los titulares de otros sitios web que deseen crear un hiperv\u00ednculo al presente sitio web, se comprometen a no establecer enlaces a sitios web en los que no aparezca el logotipo del Titular y a no realizar manifestaciones falsas, inexactas o incorrectas, que puedan inducir a error o, en general, que sean contrarias a las leyes.<\/p>\n<p>Los titulares de otros sitios web que deseen crear un hiperv\u00ednculo a la web del Titular se comprometen, asimismo, a no establecer hiperv\u00ednculos con sitios web que contengan contenidos, manifestaciones o propaganda de \u00edndole racista, xen\u00f3foba, pornogr\u00e1fica, de apolog\u00eda del terrorismo y, en general, puedan perjudicar de cualquier modo el buen nombre o la imagen del Titular.<\/p>\n<p>La inclusi\u00f3n de hiperv\u00ednculos en la presente web, no implica necesariamente que su Titular mantenga relaciones mercantiles o v\u00ednculos asociativos con el titular del sitio web en la que se establezca el enlace.<\/p>\n<p>La presencia de hiperv\u00ednculos en la presente web tiene una finalidad meramente informativa, motivo por el cual, el Titular no se responsabiliza ni otorga garant\u00eda de ninguna naturaleza, ni expresa ni impl\u00edcita respecto a la comerciabilidad, idoneidad, calidad, caracter\u00edsticas, procedencia, comercializaci\u00f3n o cualquier otro aspecto de las informaciones y\/o productos y\/o servicios que se ofrezcan a trav\u00e9s del sitio web referenciado.[\/et_pb_text][\/et_pb_column][\/et_pb_row][\/et_pb_section]<\/p>\n","protected":false},"excerpt":{"rendered":"<p>Aviso legal &nbsp; 1. DATOS T\u00c9CNICOS DE LA EMPRESA Y DE CONTACTO \u2022 Raz\u00f3n social: VALORA MARINE INGREDIENTS, S.L. \u2022 CIF: B 15 717 663 \u2022 Domicilio fiscal: Lg. Bodi\u00f3n, S\/N. 15.930 \u2013 Boiro. La Coru\u00f1a \u2022 tel\u00e9fono: +34 981 845 400 \u2022 E-mail: info@valoraingredients.com \u2022 VALORA MARINE INGREDIENTS, S.L. Inscrita en el Registro Mercantil [&hellip;]<\/p>\n","protected":false},"author":1,"featured_media":0,"parent":0,"menu_order":0,"comment_status":"closed","ping_status":"closed","template":"","meta":{"_et_pb_use_builder":"on","_et_pb_old_content":"","_et_gb_content_width":"","footnotes":""},"class_list":["post-415","page","type-page","status-publish","hentry"],"yoast_head":"<!-- This site is optimized with the Yoast SEO plugin v24.4 - https:\/\/yoast.com\/wordpress\/plugins\/seo\/ -->\n<title>Informaci\u00f3n legal - Valora Marine Ingredients<\/title>\n<meta name=\"robots\" content=\"noindex, nofollow\" \/>\n<meta property=\"og:locale\" content=\"es_ES\" \/>\n<meta property=\"og:type\" content=\"article\" \/>\n<meta property=\"og:title\" content=\"Informaci\u00f3n legal - Valora Marine Ingredients\" \/>\n<meta property=\"og:description\" content=\"Aviso legal &nbsp; 1. DATOS T\u00c9CNICOS DE LA EMPRESA Y DE CONTACTO \u2022 Raz\u00f3n social: VALORA MARINE INGREDIENTS, S.L. \u2022 CIF: B 15 717 663 \u2022 Domicilio fiscal: Lg. Bodi\u00f3n, S\/N. 15.930 \u2013 Boiro. La Coru\u00f1a \u2022 tel\u00e9fono: +34 981 845 400 \u2022 E-mail: info@valoraingredients.com \u2022 VALORA MARINE INGREDIENTS, S.L. Inscrita en el Registro Mercantil [&hellip;]\" \/>\n<meta property=\"og:url\" content=\"https:\/\/www.valoraingredients.com\/es\/informacion-legal\/\" \/>\n<meta property=\"og:site_name\" content=\"Valora Marine Ingredients\" \/>\n<meta property=\"article:modified_time\" content=\"2023-02-28T09:26:26+00:00\" \/>\n<meta name=\"twitter:card\" content=\"summary_large_image\" \/>\n<meta name=\"twitter:label1\" content=\"Tiempo de lectura\" \/>\n\t<meta name=\"twitter:data1\" content=\"4 minutos\" \/>\n<script type=\"application\/ld+json\" class=\"yoast-schema-graph\">{\"@context\":\"https:\/\/schema.org\",\"@graph\":[{\"@type\":\"WebPage\",\"@id\":\"https:\/\/www.valoraingredients.com\/es\/informacion-legal\/\",\"url\":\"https:\/\/www.valoraingredients.com\/es\/informacion-legal\/\",\"name\":\"Informaci\u00f3n legal - Valora Marine Ingredients\",\"isPartOf\":{\"@id\":\"https:\/\/www.valoraingredients.com\/es\/#website\"},\"datePublished\":\"2019-01-23T12:26:41+00:00\",\"dateModified\":\"2023-02-28T09:26:26+00:00\",\"breadcrumb\":{\"@id\":\"https:\/\/www.valoraingredients.com\/es\/informacion-legal\/#breadcrumb\"},\"inLanguage\":\"es\",\"potentialAction\":[{\"@type\":\"ReadAction\",\"target\":[\"https:\/\/www.valoraingredients.com\/es\/informacion-legal\/\"]}]},{\"@type\":\"BreadcrumbList\",\"@id\":\"https:\/\/www.valoraingredients.com\/es\/informacion-legal\/#breadcrumb\",\"itemListElement\":[{\"@type\":\"ListItem\",\"position\":1,\"name\":\"Home\",\"item\":\"https:\/\/www.valoraingredients.com\/es\/\"},{\"@type\":\"ListItem\",\"position\":2,\"name\":\"Informaci\u00f3n legal\"}]},{\"@type\":\"WebSite\",\"@id\":\"https:\/\/www.valoraingredients.com\/es\/#website\",\"url\":\"https:\/\/www.valoraingredients.com\/es\/\",\"name\":\"Valora Marine Ingredients\",\"description\":\"Inspired by the sea and its resources\",\"potentialAction\":[{\"@type\":\"SearchAction\",\"target\":{\"@type\":\"EntryPoint\",\"urlTemplate\":\"https:\/\/www.valoraingredients.com\/es\/?s={search_term_string}\"},\"query-input\":{\"@type\":\"PropertyValueSpecification\",\"valueRequired\":true,\"valueName\":\"search_term_string\"}}],\"inLanguage\":\"es\"}]}<\/script>\n<!-- \/ Yoast SEO plugin. -->","yoast_head_json":{"title":"Informaci\u00f3n legal - Valora Marine Ingredients","robots":{"index":"noindex","follow":"nofollow"},"og_locale":"es_ES","og_type":"article","og_title":"Informaci\u00f3n legal - Valora Marine Ingredients","og_description":"Aviso legal &nbsp; 1. DATOS T\u00c9CNICOS DE LA EMPRESA Y DE CONTACTO \u2022 Raz\u00f3n social: VALORA MARINE INGREDIENTS, S.L. \u2022 CIF: B 15 717 663 \u2022 Domicilio fiscal: Lg. Bodi\u00f3n, S\/N. 15.930 \u2013 Boiro. La Coru\u00f1a \u2022 tel\u00e9fono: +34 981 845 400 \u2022 E-mail: info@valoraingredients.com \u2022 VALORA MARINE INGREDIENTS, S.L. Inscrita en el Registro Mercantil [&hellip;]","og_url":"https:\/\/www.valoraingredients.com\/es\/informacion-legal\/","og_site_name":"Valora Marine Ingredients","article_modified_time":"2023-02-28T09:26:26+00:00","twitter_card":"summary_large_image","twitter_misc":{"Tiempo de lectura":"4 minutos"},"schema":{"@context":"https:\/\/schema.org","@graph":[{"@type":"WebPage","@id":"https:\/\/www.valoraingredients.com\/es\/informacion-legal\/","url":"https:\/\/www.valoraingredients.com\/es\/informacion-legal\/","name":"Informaci\u00f3n legal - Valora Marine Ingredients","isPartOf":{"@id":"https:\/\/www.valoraingredients.com\/es\/#website"},"datePublished":"2019-01-23T12:26:41+00:00","dateModified":"2023-02-28T09:26:26+00:00","breadcrumb":{"@id":"https:\/\/www.valoraingredients.com\/es\/informacion-legal\/#breadcrumb"},"inLanguage":"es","potentialAction":[{"@type":"ReadAction","target":["https:\/\/www.valoraingredients.com\/es\/informacion-legal\/"]}]},{"@type":"BreadcrumbList","@id":"https:\/\/www.valoraingredients.com\/es\/informacion-legal\/#breadcrumb","itemListElement":[{"@type":"ListItem","position":1,"name":"Home","item":"https:\/\/www.valoraingredients.com\/es\/"},{"@type":"ListItem","position":2,"name":"Informaci\u00f3n legal"}]},{"@type":"WebSite","@id":"https:\/\/www.valoraingredients.com\/es\/#website","url":"https:\/\/www.valoraingredients.com\/es\/","name":"Valora Marine Ingredients","description":"Inspired by the sea and its resources","potentialAction":[{"@type":"SearchAction","target":{"@type":"EntryPoint","urlTemplate":"https:\/\/www.valoraingredients.com\/es\/?s={search_term_string}"},"query-input":{"@type":"PropertyValueSpecification","valueRequired":true,"valueName":"search_term_string"}}],"inLanguage":"es"}]}},"_links":{"self":[{"href":"https:\/\/www.valoraingredients.com\/es\/wp-json\/wp\/v2\/pages\/415","targetHints":{"allow":["GET"]}}],"collection":[{"href":"https:\/\/www.valoraingredients.com\/es\/wp-json\/wp\/v2\/pages"}],"about":[{"href":"https:\/\/www.valoraingredients.com\/es\/wp-json\/wp\/v2\/types\/page"}],"author":[{"embeddable":true,"href":"https:\/\/www.valoraingredients.com\/es\/wp-json\/wp\/v2\/users\/1"}],"replies":[{"embeddable":true,"href":"https:\/\/www.valoraingredients.com\/es\/wp-json\/wp\/v2\/comments?post=415"}],"version-history":[{"count":4,"href":"https:\/\/www.valoraingredients.com\/es\/wp-json\/wp\/v2\/pages\/415\/revisions"}],"predecessor-version":[{"id":708,"href":"https:\/\/www.valoraingredients.com\/es\/wp-json\/wp\/v2\/pages\/415\/revisions\/708"}],"wp:attachment":[{"href":"https:\/\/www.valoraingredients.com\/es\/wp-json\/wp\/v2\/media?parent=415"}],"curies":[{"name":"wp","href":"https:\/\/api.w.org\/{rel}","templated":true}]}}