{"id":625,"date":"2022-07-07T18:18:48","date_gmt":"2022-07-07T17:18:48","guid":{"rendered":"https:\/\/www.valoraingredients.com\/compliance\/"},"modified":"2023-02-24T14:20:37","modified_gmt":"2023-02-24T13:20:37","slug":"compliance","status":"publish","type":"page","link":"https:\/\/www.valoraingredients.com\/es\/compliance\/","title":{"rendered":"Compliance"},"content":{"rendered":"\n[et_pb_section fb_built=\u00bb1&#8243; _builder_version=\u00bb4.17.4&#8243; _module_preset=\u00bbdefault\u00bb custom_padding=\u00bb||209px|||\u00bb global_colors_info=\u00bb{}\u00bb][et_pb_row _builder_version=\u00bb4.17.4&#8243; _module_preset=\u00bbdefault\u00bb global_colors_info=\u00bb{}\u00bb][et_pb_column type=\u00bb4_4&#8243; _builder_version=\u00bb4.17.4&#8243; _module_preset=\u00bbdefault\u00bb global_colors_info=\u00bb{}\u00bb][et_pb_text _builder_version=\u00bb4.17.4&#8243; _module_preset=\u00bbdefault\u00bb global_colors_info=\u00bb{}\u00bb]<h1>Compliance<\/h1>[\/et_pb_text][et_pb_text _builder_version=\u00bb4.17.4&#8243; _module_preset=\u00bbdefault\u00bb global_colors_info=\u00bb{}\u00bb]La empresa tiene implantado un Sistema Integrado de Gesti\u00f3n de Compliance Penal y anti soborno (SIGCPAS) que se alinea a las normas UNE 19601 sobre Sistemas de Gesti\u00f3n de Compliance Penal en Espa\u00f1a e ISO 37001 sobre Sistemas de Gesti\u00f3n Antisoborno, formando parte Compliance Penal y anti soborno (SIGCPAS) del sistema de JEALSA.[\/et_pb_text][et_pb_text _builder_version=\u00bb4.17.4&#8243; _module_preset=\u00bbdefault\u00bb global_colors_info=\u00bb{}\u00bb]Para poder visualizar la informaci\u00f3n del SIGCPAS pinchar aqu\u00ed[\/et_pb_text][et_pb_text _builder_version=\u00bb4.17.4&#8243; _module_preset=\u00bbdefault\u00bb text_font=\u00bb|600|||||||\u00bb text_text_color=\u00bb#77B4B2&#8243; hover_enabled=\u00bb0&#8243; global_colors_info=\u00bb{}\u00bb sticky_enabled=\u00bb0&#8243; link_option_url_new_window=\u00bbon\u00bb link_option_url=\u00bbhttps:\/\/www.jealsa.com\/compliance\/\u00bb]<a href=\"https:\/\/www.jealsa.com\/compliance\/\" rel=\"noopener\" target=\"_blank\"><p>www.jealsa.com\/compliance<\/p><\/a>[\/et_pb_text][\/et_pb_column][\/et_pb_row][\/et_pb_section]\n","protected":false},"excerpt":{"rendered":"<p>ComplianceLa empresa tiene implantado un Sistema Integrado de Gesti\u00f3n de Compliance Penal y anti soborno (SIGCPAS) que se alinea a las normas UNE 19601 sobre Sistemas de Gesti\u00f3n de Compliance Penal en Espa\u00f1a e ISO 37001 sobre Sistemas de Gesti\u00f3n Antisoborno, formando parte Compliance Penal y anti soborno (SIGCPAS) del sistema de JEALSA.Para poder visualizar [&hellip;]<\/p>\n","protected":false},"author":1,"featured_media":0,"parent":0,"menu_order":0,"comment_status":"closed","ping_status":"closed","template":"","meta":{"_et_pb_use_builder":"on","_et_pb_old_content":"<!-- wp:heading -->\r\n<h2><\/h2>\r\n<!-- \/wp:heading -->\r\n\r\n<!-- wp:paragraph -->\r\n<p>La empresa tiene implantado un Sistema Integrado de Gesti\u00f3n de Compliance Penal y anti soborno (SIGCPAS) que se alinea a las normas UNE 19601 sobre Sistemas de Gesti\u00f3n de Compliance Penal en Espa\u00f1a e ISO 37001 sobre Sistemas de Gesti\u00f3n Antisoborno, formando parte Compliance Penal y anti soborno (SIGCPAS) del sistema de JEALSA.<\/p>\r\n<!-- \/wp:paragraph -->\r\n\r\n<!-- wp:paragraph -->\r\n<p>Para poder visualizar la informaci\u00f3n del SIGCPAS pinchar aqu\u00ed:<\/p>\r\n<!-- \/wp:paragraph -->\r\n\r\n<!-- wp:paragraph -->\r\n<p><a rel=\"noreferrer noopener\" href=\"https:\/\/www.jealsa.com\/compliance\/\" target=\"_blank\">https:\/\/www.jealsa.com\/compliance\/<\/a><\/p>\r\n<!-- \/wp:paragraph -->","_et_gb_content_width":"","footnotes":""},"class_list":["post-625","page","type-page","status-publish","hentry"],"yoast_head":"<!-- This site is optimized with the Yoast SEO plugin v24.4 - https:\/\/yoast.com\/wordpress\/plugins\/seo\/ -->\n<title>Compliance - Valora Marine Ingredients<\/title>\n<meta name=\"robots\" content=\"noindex, nofollow\" \/>\n<meta property=\"og:locale\" content=\"es_ES\" \/>\n<meta property=\"og:type\" content=\"article\" \/>\n<meta property=\"og:title\" content=\"Compliance - Valora Marine Ingredients\" \/>\n<meta property=\"og:description\" content=\"ComplianceLa empresa tiene implantado un Sistema Integrado de Gesti\u00f3n de Compliance Penal y anti soborno (SIGCPAS) que se alinea a las normas UNE 19601 sobre Sistemas de Gesti\u00f3n de Compliance Penal en Espa\u00f1a e ISO 37001 sobre Sistemas de Gesti\u00f3n Antisoborno, formando parte Compliance Penal y anti soborno (SIGCPAS) del sistema de JEALSA.Para poder visualizar [&hellip;]\" \/>\n<meta property=\"og:url\" content=\"https:\/\/www.valoraingredients.com\/compliance\/\" \/>\n<meta property=\"og:site_name\" content=\"Valora Marine Ingredients\" \/>\n<meta property=\"article:modified_time\" content=\"2023-02-24T13:20:37+00:00\" \/>\n<meta name=\"twitter:card\" content=\"summary_large_image\" \/>\n<meta name=\"twitter:label1\" content=\"Tiempo de lectura\" \/>\n\t<meta name=\"twitter:data1\" content=\"1 minuto\" \/>\n<script type=\"application\/ld+json\" class=\"yoast-schema-graph\">{\"@context\":\"https:\/\/schema.org\",\"@graph\":[{\"@type\":\"WebPage\",\"@id\":\"https:\/\/www.valoraingredients.com\/compliance\/\",\"url\":\"https:\/\/www.valoraingredients.com\/compliance\/\",\"name\":\"Compliance - Valora Marine Ingredients\",\"isPartOf\":{\"@id\":\"https:\/\/www.valoraingredients.com\/es\/#website\"},\"datePublished\":\"2022-07-07T17:18:48+00:00\",\"dateModified\":\"2023-02-24T13:20:37+00:00\",\"breadcrumb\":{\"@id\":\"https:\/\/www.valoraingredients.com\/compliance\/#breadcrumb\"},\"inLanguage\":\"es\",\"potentialAction\":[{\"@type\":\"ReadAction\",\"target\":[\"https:\/\/www.valoraingredients.com\/compliance\/\"]}]},{\"@type\":\"BreadcrumbList\",\"@id\":\"https:\/\/www.valoraingredients.com\/compliance\/#breadcrumb\",\"itemListElement\":[{\"@type\":\"ListItem\",\"position\":1,\"name\":\"Home\",\"item\":\"https:\/\/www.valoraingredients.com\/es\/\"},{\"@type\":\"ListItem\",\"position\":2,\"name\":\"Compliance\"}]},{\"@type\":\"WebSite\",\"@id\":\"https:\/\/www.valoraingredients.com\/es\/#website\",\"url\":\"https:\/\/www.valoraingredients.com\/es\/\",\"name\":\"Valora Marine Ingredients\",\"description\":\"Inspired by the sea and its resources\",\"potentialAction\":[{\"@type\":\"SearchAction\",\"target\":{\"@type\":\"EntryPoint\",\"urlTemplate\":\"https:\/\/www.valoraingredients.com\/es\/?s={search_term_string}\"},\"query-input\":{\"@type\":\"PropertyValueSpecification\",\"valueRequired\":true,\"valueName\":\"search_term_string\"}}],\"inLanguage\":\"es\"}]}<\/script>\n<!-- \/ Yoast SEO plugin. -->","yoast_head_json":{"title":"Compliance - Valora Marine Ingredients","robots":{"index":"noindex","follow":"nofollow"},"og_locale":"es_ES","og_type":"article","og_title":"Compliance - Valora Marine Ingredients","og_description":"ComplianceLa empresa tiene implantado un Sistema Integrado de Gesti\u00f3n de Compliance Penal y anti soborno (SIGCPAS) que se alinea a las normas UNE 19601 sobre Sistemas de Gesti\u00f3n de Compliance Penal en Espa\u00f1a e ISO 37001 sobre Sistemas de Gesti\u00f3n Antisoborno, formando parte Compliance Penal y anti soborno (SIGCPAS) del sistema de JEALSA.Para poder visualizar [&hellip;]","og_url":"https:\/\/www.valoraingredients.com\/compliance\/","og_site_name":"Valora Marine Ingredients","article_modified_time":"2023-02-24T13:20:37+00:00","twitter_card":"summary_large_image","twitter_misc":{"Tiempo de lectura":"1 minuto"},"schema":{"@context":"https:\/\/schema.org","@graph":[{"@type":"WebPage","@id":"https:\/\/www.valoraingredients.com\/compliance\/","url":"https:\/\/www.valoraingredients.com\/compliance\/","name":"Compliance - Valora Marine Ingredients","isPartOf":{"@id":"https:\/\/www.valoraingredients.com\/es\/#website"},"datePublished":"2022-07-07T17:18:48+00:00","dateModified":"2023-02-24T13:20:37+00:00","breadcrumb":{"@id":"https:\/\/www.valoraingredients.com\/compliance\/#breadcrumb"},"inLanguage":"es","potentialAction":[{"@type":"ReadAction","target":["https:\/\/www.valoraingredients.com\/compliance\/"]}]},{"@type":"BreadcrumbList","@id":"https:\/\/www.valoraingredients.com\/compliance\/#breadcrumb","itemListElement":[{"@type":"ListItem","position":1,"name":"Home","item":"https:\/\/www.valoraingredients.com\/es\/"},{"@type":"ListItem","position":2,"name":"Compliance"}]},{"@type":"WebSite","@id":"https:\/\/www.valoraingredients.com\/es\/#website","url":"https:\/\/www.valoraingredients.com\/es\/","name":"Valora Marine Ingredients","description":"Inspired by the sea and its resources","potentialAction":[{"@type":"SearchAction","target":{"@type":"EntryPoint","urlTemplate":"https:\/\/www.valoraingredients.com\/es\/?s={search_term_string}"},"query-input":{"@type":"PropertyValueSpecification","valueRequired":true,"valueName":"search_term_string"}}],"inLanguage":"es"}]}},"_links":{"self":[{"href":"https:\/\/www.valoraingredients.com\/es\/wp-json\/wp\/v2\/pages\/625","targetHints":{"allow":["GET"]}}],"collection":[{"href":"https:\/\/www.valoraingredients.com\/es\/wp-json\/wp\/v2\/pages"}],"about":[{"href":"https:\/\/www.valoraingredients.com\/es\/wp-json\/wp\/v2\/types\/page"}],"author":[{"embeddable":true,"href":"https:\/\/www.valoraingredients.com\/es\/wp-json\/wp\/v2\/users\/1"}],"replies":[{"embeddable":true,"href":"https:\/\/www.valoraingredients.com\/es\/wp-json\/wp\/v2\/comments?post=625"}],"version-history":[{"count":5,"href":"https:\/\/www.valoraingredients.com\/es\/wp-json\/wp\/v2\/pages\/625\/revisions"}],"predecessor-version":[{"id":656,"href":"https:\/\/www.valoraingredients.com\/es\/wp-json\/wp\/v2\/pages\/625\/revisions\/656"}],"wp:attachment":[{"href":"https:\/\/www.valoraingredients.com\/es\/wp-json\/wp\/v2\/media?parent=625"}],"curies":[{"name":"wp","href":"https:\/\/api.w.org\/{rel}","templated":true}]}}