{"id":689,"date":"2023-02-24T15:20:08","date_gmt":"2023-02-24T14:20:08","guid":{"rendered":"https:\/\/www.valoraingredients.com\/investigacion-y-proyectos\/life-refish\/"},"modified":"2023-02-27T09:00:15","modified_gmt":"2023-02-27T08:00:15","slug":"life-refish","status":"publish","type":"page","link":"https:\/\/www.valoraingredients.com\/es\/investigacion-y-proyectos\/life-refish\/","title":{"rendered":"Life refish"},"content":{"rendered":"<p>[et_pb_section fb_built=\u00bb1&#8243; _builder_version=\u00bb4.19.2&#8243; _module_preset=\u00bbdefault\u00bb background_color=\u00bb#fafafa\u00bb custom_padding=\u00bb||41px|||\u00bb global_colors_info=\u00bb{}\u00bb][et_pb_row _builder_version=\u00bb4.19.2&#8243; _module_preset=\u00bbdefault\u00bb global_colors_info=\u00bb{}\u00bb][et_pb_column type=\u00bb4_4&#8243; _builder_version=\u00bb4.19.2&#8243; _module_preset=\u00bbdefault\u00bb global_colors_info=\u00bb{}\u00bb][et_pb_text _builder_version=\u00bb4.19.2&#8243; _dynamic_attributes=\u00bbcontent\u00bb _module_preset=\u00bbdefault\u00bb text_text_color=\u00bb#18364A\u00bb text_font_size=\u00bb35px\u00bb text_orientation=\u00bbcenter\u00bb global_colors_info=\u00bb{}\u00bb]@ET-DC@eyJkeW5hbWljIjp0cnVlLCJjb250ZW50IjoicG9zdF90aXRsZSIsInNldHRpbmdzIjp7ImJlZm9yZSI6IiIsImFmdGVyIjoiIn19@[\/et_pb_text][\/et_pb_column][\/et_pb_row][\/et_pb_section][et_pb_section fb_built=\u00bb1&#8243; _builder_version=\u00bb4.19.2&#8243; _module_preset=\u00bbdefault\u00bb custom_padding=\u00bb2vw||2vw||true|false\u00bb global_colors_info=\u00bb{}\u00bb][et_pb_row _builder_version=\u00bb4.20.0&#8243; _module_preset=\u00bbdefault\u00bb column_structure=\u00bb1_2,1_2&#8243;][et_pb_column _builder_version=\u00bb4.20.0&#8243; _module_preset=\u00bbdefault\u00bb type=\u00bb1_2&#8243;][et_pb_image src=\u00bbhttps:\/\/www.valoraingredients.com\/wp-content\/uploads\/2023\/02\/lOGO-lIFE.jpg\u00bb _builder_version=\u00bb4.20.0&#8243; _module_preset=\u00bbdefault\u00bb title_text=\u00bblOGO-lIFE\u00bb hover_enabled=\u00bb0&#8243; sticky_enabled=\u00bb0&#8243; align=\u00bbcenter\u00bb][\/et_pb_image][\/et_pb_column][et_pb_column _builder_version=\u00bb4.20.0&#8243; _module_preset=\u00bbdefault\u00bb type=\u00bb1_2&#8243;][et_pb_image src=\u00bbhttps:\/\/www.valoraingredients.com\/wp-content\/uploads\/2023\/02\/eu_co_funded_en.jpg\u00bb _builder_version=\u00bb4.20.0&#8243; _module_preset=\u00bbdefault\u00bb title_text=\u00bbeu_co_funded_en\u00bb hover_enabled=\u00bb0&#8243; sticky_enabled=\u00bb0&#8243; align=\u00bbcenter\u00bb][\/et_pb_image][\/et_pb_column][\/et_pb_row][et_pb_row _builder_version=\u00bb4.19.2&#8243; _module_preset=\u00bbdefault\u00bb global_colors_info=\u00bb{}\u00bb][et_pb_column type=\u00bb4_4&#8243; _builder_version=\u00bb4.19.2&#8243; _module_preset=\u00bbdefault\u00bb global_colors_info=\u00bb{}\u00bb][et_pb_image src=\u00bbhttps:\/\/www.valoraingredients.com\/wp-content\/uploads\/2023\/02\/LIFE-REFISH-Logo.jpg\u00bb title_text=\u00bbLIFE-REFISH-Logo\u00bb align=\u00bbcenter\u00bb _builder_version=\u00bb4.19.2&#8243; _module_preset=\u00bbdefault\u00bb width=\u00bb50%\u00bb global_colors_info=\u00bb{}\u00bb][\/et_pb_image][et_pb_text _builder_version=\u00bb4.19.2&#8243; _module_preset=\u00bbdefault\u00bb text_orientation=\u00bbcenter\u00bb global_colors_info=\u00bb{}\u00bb]<\/p>\n<h3>Biorrefiner\u00eda flexible para valorizar los descartes y los subproductos de la producci\u00f3n europea de pescado y mariscos (reforma de la vida)(LIFE REFISH)<\/h3>\n<p>[\/et_pb_text][et_pb_text _builder_version=\u00bb4.19.2&#8243; _module_preset=\u00bbdefault\u00bb global_colors_info=\u00bb{}\u00bb]\u201cCofinanciado por la Uni\u00f3n Europea. Las opiniones y opiniones expresadas son las de los autores y no reflejan necesariamente las de la Uni\u00f3n Europea o la Agencia Ejecutiva del Clima Europeo, Infraestructura y Medio Ambiente (CINEA). Ni la Uni\u00f3n Europea ni la autoridad de concesi\u00f3n pueden ser responsables de ellos\u00bb.[\/et_pb_text][\/et_pb_column][\/et_pb_row][et_pb_row _builder_version=\u00bb4.19.2&#8243; _module_preset=\u00bbdefault\u00bb background_color=\u00bb#fafafa\u00bb custom_padding=\u00bb25px|25px|25px|25px|true|true\u00bb global_colors_info=\u00bb{}\u00bb][et_pb_column type=\u00bb4_4&#8243; _builder_version=\u00bb4.19.2&#8243; _module_preset=\u00bbdefault\u00bb global_colors_info=\u00bb{}\u00bb][et_pb_text _builder_version=\u00bb4.19.2&#8243; _module_preset=\u00bbdefault\u00bb global_colors_info=\u00bb{}\u00bb]<\/p>\n<ul>\n<li><strong>NOMBRE:<\/strong> Biorrefiner\u00eda flexible para valorizar los descartes y los subproductos de la producci\u00f3n europea de pescado y mariscos (LIFE REFISH).<\/li>\n<li><strong>LOCALIZACI\u00d3N:<\/strong> Espa\u00f1a (Galicia).<\/li>\n<li><strong>PRESUPUESTO:<\/strong> 3.045.304,53 \u20ac<\/li>\n<li><strong>FINANCIAMIENTO:<\/strong> Programa European Union\u2019s LIFE 60% (1.827.180,01\u20ac)<\/li>\n<li><strong>DURACI\u00d3N:<\/strong> 2022-2025<\/li>\n<\/ul>\n<p>[\/et_pb_text][\/et_pb_column][\/et_pb_row][et_pb_row _builder_version=\u00bb4.19.2&#8243; _module_preset=\u00bbdefault\u00bb global_colors_info=\u00bb{}\u00bb][et_pb_column type=\u00bb4_4&#8243; _builder_version=\u00bb4.19.2&#8243; _module_preset=\u00bbdefault\u00bb global_colors_info=\u00bb{}\u00bb][et_pb_text _builder_version=\u00bb4.19.2&#8243; _module_preset=\u00bbdefault\u00bb global_colors_info=\u00bb{}\u00bb]<\/p>\n<p>LIFE REFRISH 2021-2027. Es el \u00fanico programa de financiaci\u00f3n de la UE completamente dedicado a los objetivos ambientales, clim\u00e1ticos y energ\u00e9ticos. Contribuye al cambio hacia una econom\u00eda limpia, circular, eficiente en energ\u00eda, clima neutral y resistente al clima, incluso a trav\u00e9s de la transici\u00f3n a la energ\u00eda limpia, para proteger y mejorar la calidad del medio ambiente.<\/p>\n<p>[\/et_pb_text][\/et_pb_column][\/et_pb_row][et_pb_row column_structure=\u00bb1_4,3_4&#8243; _builder_version=\u00bb4.19.2&#8243; _module_preset=\u00bbdefault\u00bb global_colors_info=\u00bb{}\u00bb][et_pb_column type=\u00bb1_4&#8243; _builder_version=\u00bb4.19.2&#8243; _module_preset=\u00bbdefault\u00bb global_colors_info=\u00bb{}\u00bb][et_pb_image src=\u00bbhttps:\/\/www.valoraingredients.com\/wp-content\/uploads\/2023\/02\/barco-pesca-altura-life-refish.webp\u00bb title_text=\u00bbbarco-pesca-altura-life-refish\u00bb _builder_version=\u00bb4.19.2&#8243; _module_preset=\u00bbdefault\u00bb border_radii=\u00bbon|50%|50%|50%|50%\u00bb box_shadow_style=\u00bbpreset4&#8243; box_shadow_color=\u00bbrgba(0,0,0,0.06)\u00bb global_colors_info=\u00bb{}\u00bb][\/et_pb_image][\/et_pb_column][et_pb_column type=\u00bb3_4&#8243; _builder_version=\u00bb4.19.2&#8243; _module_preset=\u00bbdefault\u00bb global_colors_info=\u00bb{}\u00bb][et_pb_text _builder_version=\u00bb4.19.2&#8243; _module_preset=\u00bbdefault\u00bb global_colors_info=\u00bb{}\u00bb]<strong>LIFE REFISH.<\/strong> Su objetivo es crear la primera biorrefiner\u00eda de demostraci\u00f3n para la materia cruda de pescado y mariscos que, mediante la implementaci\u00f3n de la \u00faltima tecnolog\u00eda, permite la valorizaci\u00f3n de estos recursos de pescado y mariscos actualmente subutilizados en productos de alto valor agregado con un gran potencial de mercado.<\/p>\n<p><strong>El Proyecto de consorcio<\/strong>LIFE REFISH e unir\u00e1 a los jugadores internacionales clave en las industrias de pesca y acuicultura (Jealsa, Pescanova, Stolt, Opromar), expertos en el desarrollo de ingredientes funcionales (Valora) y una instituci\u00f3n de investigaci\u00f3n l\u00edder en el Campo de recursos marinos y valorizaci\u00f3n del desperdicio de alimentos (CSIC). Juntos, los socios de la vida implementar\u00e1n una soluci\u00f3n innovadora capaz de crear un valor adicional a partir de los descartes de la tierra resultante de la aplicaci\u00f3n LO y los subproductos de procesamiento de pescado y mariscos.[\/et_pb_text][\/et_pb_column][\/et_pb_row][et_pb_row _builder_version=\u00bb4.19.2&#8243; _module_preset=\u00bbdefault\u00bb global_colors_info=\u00bb{}\u00bb][et_pb_column type=\u00bb4_4&#8243; _builder_version=\u00bb4.19.2&#8243; _module_preset=\u00bbdefault\u00bb global_colors_info=\u00bb{}\u00bb][et_pb_text _builder_version=\u00bb4.19.2&#8243; _module_preset=\u00bbdefault\u00bb global_colors_info=\u00bb{}\u00bb]<\/p>\n<h4>LIFE REFISH<strong> objetivos y alcance:<\/strong><\/h4>\n<ol>\n<li>Determinar la composici\u00f3n, las condiciones y par\u00e1metros \u00f3ptimos necesarios para el pre-manejo, el acondicionamiento y el almacenamiento de los descartes<\/li>\n<li>Ampliar y demostrar la viabilidad de una biorrefiner\u00eda de escala de demostraci\u00f3n capaz de valorizar un 300 kg\/h de descartes y subproductos.<\/li>\n<li>Validar el rendimiento y el valor comercial de los ocho productos de alto valor agregado como resultado del proceso de valorizaci\u00f3n.<\/li>\n<li>Tomar las medidas necesarias para preparar la producci\u00f3n a escala industrial (4 toneladas\/h) y comercializaci\u00f3n.<\/li>\n<li>Evaluar los impactos ambientales, sociales y econ\u00f3micos.<\/li>\n<li>Crear conciencia entre el p\u00fablico objetivo relevante sobre los problemas ambientales relacionados con el descarte y las pol\u00edticas ambientales de la UE para frenar esta pr\u00e1ctica.<\/li>\n<\/ol>\n<p>[\/et_pb_text][et_pb_text _builder_version=\u00bb4.19.2&#8243; _module_preset=\u00bbdefault\u00bb global_colors_info=\u00bb{}\u00bb]<\/p>\n<h4>Para lograr estos objetivos, el proyecto se divide en siete <strong> &#8216;paquetes de trabajo&#8217; <\/strong> o actividades:<\/h4>\n<ol>\n<li>Gesti\u00f3n de proyectos y coordinaci\u00f3n<\/li>\n<li>Pre-acondicionamiento y perfil de materia prima<\/li>\n<li>Escala de biorrefiner\u00eda y validaci\u00f3n de procesos<\/li>\n<li>Validaci\u00f3n de productos de alto valor agregado con clientes objetivo<\/li>\n<li>Sostenibilidad, replicaci\u00f3n y explotaci\u00f3n de resultados del proyecto<\/li>\n<li>Monitoreo y evaluaci\u00f3n de impacto con informes de KPIs<\/li>\n<li>Difusi\u00f3n y comunicaci\u00f3n<\/li>\n<\/ol>\n<p>[\/et_pb_text][et_pb_text _builder_version=\u00bb4.19.2&#8243; _module_preset=\u00bbdefault\u00bb global_colors_info=\u00bb{}\u00bb]<\/p>\n<h4>Los resultados e impactos esperados son:<\/h4>\n<p><strong>Ambiental:<\/strong><\/p>\n<ol>\n<li>Eficiencia de recursos<\/li>\n<li>Biodiversidad: n\u00famero de especies<\/li>\n<li>Biodiversidad: tasa reducida de infecci\u00f3n de peces con anisakis<\/li>\n<li>Reducci\u00f3n de las emisiones de GEI de las operaciones de pesca<\/li>\n<\/ol>\n<p><strong>Econ\u00f3mico &#8211; Societario:<\/strong><\/p>\n<ol>\n<li>Creaci\u00f3n de ingresos adicionales en zonas costeras europeas<\/li>\n<li>Creaci\u00f3n de nuevos puestos de trabajo en las zonas costeras europeas<\/li>\n<li>Mayor conciencia entre los pescadores y las partes interesadas de la industria de pescado y mariscos<\/li>\n<\/ol>\n<p>[\/et_pb_text][et_pb_text _builder_version=\u00bb4.19.2&#8243; _module_preset=\u00bbdefault\u00bb global_colors_info=\u00bb{}\u00bb]<\/p>\n<h4>El proyecto LIFE REFISH contribuye a:<\/h4>\n<ul>\n<li>El European Green Deal:<\/li>\n<\/ul>\n<p>\u00a0\u00a0\u00a0\u00a0\u00a0\u00a0\u00a0 &#8211; La estrategia \u00abFarm to Fork\u00bb<\/p>\n<p>\u00a0\u00a0\u00a0\u00a0\u00a0\u00a0\u00a0 &#8211; La acci\u00f3n de la econom\u00eda circular de la UE\u00a0<\/p>\n<p>\u00a0\u00a0\u00a0\u00a0\u00a0\u00a0\u00a0 &#8211; El plan de acci\u00f3n de emisiones cero<\/p>\n<ul>\n<li>La estrategia de crecimiento azul de la UE<\/li>\n<li>Regulaci\u00f3n (EU) N\u00ba. 508\/2014<\/li>\n<\/ul>\n<p>[\/et_pb_text][et_pb_text _builder_version=\u00bb4.19.2&#8243; _module_preset=\u00bbdefault\u00bb link_text_color=\u00bb#77B4B2&#8243; global_colors_info=\u00bb{}\u00bb]<\/p>\n<h4>Para m\u00e1s informaci\u00f3n visita la web de LIFE REFISH  <a href=\"https:\/\/liferefish.com\/\" target=\"_blank\" rel=\"noopener\">https:\/\/liferefish.com\/<\/a><\/h4>\n<p>[\/et_pb_text][\/et_pb_column][\/et_pb_row][\/et_pb_section]<\/p>\n","protected":false},"excerpt":{"rendered":"<p>Biorrefiner\u00eda flexible para valorizar los descartes y los subproductos de la producci\u00f3n europea de pescado y mariscos (reforma de la vida)(LIFE REFISH)\u201cCofinanciado por la Uni\u00f3n Europea. Las opiniones y opiniones expresadas son las de los autores y no reflejan necesariamente las de la Uni\u00f3n Europea o la Agencia Ejecutiva del Clima Europeo, Infraestructura y Medio [&hellip;]<\/p>\n","protected":false},"author":1,"featured_media":0,"parent":671,"menu_order":0,"comment_status":"closed","ping_status":"closed","template":"","meta":{"_et_pb_use_builder":"on","_et_pb_old_content":"","_et_gb_content_width":"","footnotes":""},"class_list":["post-689","page","type-page","status-publish","hentry"],"yoast_head":"<!-- This site is optimized with the Yoast SEO plugin v24.4 - https:\/\/yoast.com\/wordpress\/plugins\/seo\/ -->\n<title>Life refish - Valora Marine Ingredients<\/title>\n<meta name=\"robots\" content=\"index, follow, max-snippet:-1, max-image-preview:large, max-video-preview:-1\" \/>\n<link rel=\"canonical\" href=\"https:\/\/www.valoraingredients.com\/reseach-and-projects\/life-refish\/\" \/>\n<meta property=\"og:locale\" content=\"es_ES\" \/>\n<meta property=\"og:type\" content=\"article\" \/>\n<meta property=\"og:title\" content=\"Life refish - Valora Marine Ingredients\" \/>\n<meta property=\"og:description\" content=\"Biorrefiner\u00eda flexible para valorizar los descartes y los subproductos de la producci\u00f3n europea de pescado y mariscos (reforma de la vida)(LIFE REFISH)\u201cCofinanciado por la Uni\u00f3n Europea. Las opiniones y opiniones expresadas son las de los autores y no reflejan necesariamente las de la Uni\u00f3n Europea o la Agencia Ejecutiva del Clima Europeo, Infraestructura y Medio [&hellip;]\" \/>\n<meta property=\"og:url\" content=\"https:\/\/www.valoraingredients.com\/reseach-and-projects\/life-refish\/\" \/>\n<meta property=\"og:site_name\" content=\"Valora Marine Ingredients\" \/>\n<meta property=\"article:modified_time\" content=\"2023-02-27T08:00:15+00:00\" \/>\n<meta name=\"twitter:card\" content=\"summary_large_image\" \/>\n<meta name=\"twitter:label1\" content=\"Tiempo de lectura\" \/>\n\t<meta name=\"twitter:data1\" content=\"6 minutos\" \/>\n<script type=\"application\/ld+json\" class=\"yoast-schema-graph\">{\"@context\":\"https:\/\/schema.org\",\"@graph\":[{\"@type\":\"WebPage\",\"@id\":\"https:\/\/www.valoraingredients.com\/reseach-and-projects\/life-refish\/\",\"url\":\"https:\/\/www.valoraingredients.com\/reseach-and-projects\/life-refish\/\",\"name\":\"Life refish - Valora Marine Ingredients\",\"isPartOf\":{\"@id\":\"https:\/\/www.valoraingredients.com\/es\/#website\"},\"datePublished\":\"2023-02-24T14:20:08+00:00\",\"dateModified\":\"2023-02-27T08:00:15+00:00\",\"breadcrumb\":{\"@id\":\"https:\/\/www.valoraingredients.com\/reseach-and-projects\/life-refish\/#breadcrumb\"},\"inLanguage\":\"es\",\"potentialAction\":[{\"@type\":\"ReadAction\",\"target\":[\"https:\/\/www.valoraingredients.com\/reseach-and-projects\/life-refish\/\"]}]},{\"@type\":\"BreadcrumbList\",\"@id\":\"https:\/\/www.valoraingredients.com\/reseach-and-projects\/life-refish\/#breadcrumb\",\"itemListElement\":[{\"@type\":\"ListItem\",\"position\":1,\"name\":\"Home\",\"item\":\"https:\/\/www.valoraingredients.com\/es\/\"},{\"@type\":\"ListItem\",\"position\":2,\"name\":\"Investigaci\u00f3n y proyectos\",\"item\":\"https:\/\/www.valoraingredients.com\/reseach-and-projects\/\"},{\"@type\":\"ListItem\",\"position\":3,\"name\":\"Life refish\"}]},{\"@type\":\"WebSite\",\"@id\":\"https:\/\/www.valoraingredients.com\/es\/#website\",\"url\":\"https:\/\/www.valoraingredients.com\/es\/\",\"name\":\"Valora Marine Ingredients\",\"description\":\"Inspired by the sea and its resources\",\"potentialAction\":[{\"@type\":\"SearchAction\",\"target\":{\"@type\":\"EntryPoint\",\"urlTemplate\":\"https:\/\/www.valoraingredients.com\/es\/?s={search_term_string}\"},\"query-input\":{\"@type\":\"PropertyValueSpecification\",\"valueRequired\":true,\"valueName\":\"search_term_string\"}}],\"inLanguage\":\"es\"}]}<\/script>\n<!-- \/ Yoast SEO plugin. -->","yoast_head_json":{"title":"Life refish - Valora Marine Ingredients","robots":{"index":"index","follow":"follow","max-snippet":"max-snippet:-1","max-image-preview":"max-image-preview:large","max-video-preview":"max-video-preview:-1"},"canonical":"https:\/\/www.valoraingredients.com\/reseach-and-projects\/life-refish\/","og_locale":"es_ES","og_type":"article","og_title":"Life refish - Valora Marine Ingredients","og_description":"Biorrefiner\u00eda flexible para valorizar los descartes y los subproductos de la producci\u00f3n europea de pescado y mariscos (reforma de la vida)(LIFE REFISH)\u201cCofinanciado por la Uni\u00f3n Europea. Las opiniones y opiniones expresadas son las de los autores y no reflejan necesariamente las de la Uni\u00f3n Europea o la Agencia Ejecutiva del Clima Europeo, Infraestructura y Medio [&hellip;]","og_url":"https:\/\/www.valoraingredients.com\/reseach-and-projects\/life-refish\/","og_site_name":"Valora Marine Ingredients","article_modified_time":"2023-02-27T08:00:15+00:00","twitter_card":"summary_large_image","twitter_misc":{"Tiempo de lectura":"6 minutos"},"schema":{"@context":"https:\/\/schema.org","@graph":[{"@type":"WebPage","@id":"https:\/\/www.valoraingredients.com\/reseach-and-projects\/life-refish\/","url":"https:\/\/www.valoraingredients.com\/reseach-and-projects\/life-refish\/","name":"Life refish - Valora Marine Ingredients","isPartOf":{"@id":"https:\/\/www.valoraingredients.com\/es\/#website"},"datePublished":"2023-02-24T14:20:08+00:00","dateModified":"2023-02-27T08:00:15+00:00","breadcrumb":{"@id":"https:\/\/www.valoraingredients.com\/reseach-and-projects\/life-refish\/#breadcrumb"},"inLanguage":"es","potentialAction":[{"@type":"ReadAction","target":["https:\/\/www.valoraingredients.com\/reseach-and-projects\/life-refish\/"]}]},{"@type":"BreadcrumbList","@id":"https:\/\/www.valoraingredients.com\/reseach-and-projects\/life-refish\/#breadcrumb","itemListElement":[{"@type":"ListItem","position":1,"name":"Home","item":"https:\/\/www.valoraingredients.com\/es\/"},{"@type":"ListItem","position":2,"name":"Investigaci\u00f3n y proyectos","item":"https:\/\/www.valoraingredients.com\/reseach-and-projects\/"},{"@type":"ListItem","position":3,"name":"Life refish"}]},{"@type":"WebSite","@id":"https:\/\/www.valoraingredients.com\/es\/#website","url":"https:\/\/www.valoraingredients.com\/es\/","name":"Valora Marine Ingredients","description":"Inspired by the sea and its resources","potentialAction":[{"@type":"SearchAction","target":{"@type":"EntryPoint","urlTemplate":"https:\/\/www.valoraingredients.com\/es\/?s={search_term_string}"},"query-input":{"@type":"PropertyValueSpecification","valueRequired":true,"valueName":"search_term_string"}}],"inLanguage":"es"}]}},"_links":{"self":[{"href":"https:\/\/www.valoraingredients.com\/es\/wp-json\/wp\/v2\/pages\/689","targetHints":{"allow":["GET"]}}],"collection":[{"href":"https:\/\/www.valoraingredients.com\/es\/wp-json\/wp\/v2\/pages"}],"about":[{"href":"https:\/\/www.valoraingredients.com\/es\/wp-json\/wp\/v2\/types\/page"}],"author":[{"embeddable":true,"href":"https:\/\/www.valoraingredients.com\/es\/wp-json\/wp\/v2\/users\/1"}],"replies":[{"embeddable":true,"href":"https:\/\/www.valoraingredients.com\/es\/wp-json\/wp\/v2\/comments?post=689"}],"version-history":[{"count":2,"href":"https:\/\/www.valoraingredients.com\/es\/wp-json\/wp\/v2\/pages\/689\/revisions"}],"predecessor-version":[{"id":707,"href":"https:\/\/www.valoraingredients.com\/es\/wp-json\/wp\/v2\/pages\/689\/revisions\/707"}],"up":[{"embeddable":true,"href":"https:\/\/www.valoraingredients.com\/es\/wp-json\/wp\/v2\/pages\/671"}],"wp:attachment":[{"href":"https:\/\/www.valoraingredients.com\/es\/wp-json\/wp\/v2\/media?parent=689"}],"curies":[{"name":"wp","href":"https:\/\/api.w.org\/{rel}","templated":true}]}}